{"id":118,"date":"2026-03-20T15:06:26","date_gmt":"2026-03-20T15:06:26","guid":{"rendered":"https:\/\/byzrampieu.com\/?post_type=product&#038;p=118"},"modified":"2026-05-04T10:27:17","modified_gmt":"2026-05-04T10:27:17","slug":"kit-de-broderie-femme-aux-cheveux-afro","status":"publish","type":"product","link":"https:\/\/byzrampieu.com\/index.php\/produit\/kit-de-broderie-femme-aux-cheveux-afro\/","title":{"rendered":"Kit de broderie de femmes aux cheveux afro"},"content":{"rendered":"<p>Joli kit de broderie de qualit\u00e9 et facile d&#8217;utilisation pour reproduire le visuel de plusieurs femmes aux cheveux afro.<br \/>\n<strong>Vendu \u00e0 l&#8217;unit\u00e9.\u00a0<\/strong><br \/>\nContenu du kit :<\/p>\n<ul>\n<li><strong>Fil \u00e0 broder,<\/strong><\/li>\n<li><strong>Morceau de toile \u00e0 broder avec l&#8217;image int\u00e9gr\u00e9,<\/strong><\/li>\n<li><strong>Aiguilles \u00e0 broder,<\/strong><\/li>\n<li><strong>Illustration de la broderie.<\/strong><\/li>\n<\/ul>\n<p>Pour le plaisir d&#8217;offrir en cadeau ou pour d\u00e9corer son int\u00e9rieur.<br \/>\nEnvie de donner une touche originale et fait-mains chez soi ? Montrez-nous vos r\u00e9alisation en commentaires !<\/p>\n<p>Ce kit est id\u00e9al pour les <strong>d\u00e9butants ou celles et ceux qui souhaitent reprendre la broderie<\/strong>.<\/p>\n<p>Livraison possible par la poste en <strong>France<\/strong>.<\/p>\n<p><strong>Moyen de paiement accept\u00e9<\/strong> : carte bancaire<\/p>\n<p>&nbsp;<\/p>\n","protected":false},"excerpt":{"rendered":"<p>Kit de broderie avec un motif afro facile pour d\u00e9buter ou reprendre la broderie.<br \/>\nContenu du kit :<\/p>\n<ul>\n<li><strong>Fil \u00e0 broder,<\/strong><\/li>\n<li><strong>Morceau de toile \u00e0 broder avec l&#8217;image int\u00e9gr\u00e9,<\/strong><\/li>\n<li><strong>Aiguilles \u00e0 broder,<\/strong><\/li>\n<li><strong>Illustration de la broderie.<\/strong><\/li>\n<\/ul>\n","protected":false},"featured_media":128,"comment_status":"open","ping_status":"closed","template":"","meta":{"site-sidebar-layout":"default","site-content-layout":"","ast-site-content-layout":"default","site-content-style":"unboxed","site-sidebar-style":"default","ast-global-header-display":"","ast-banner-title-visibility":"","ast-main-header-display":"","ast-hfb-above-header-display":"","ast-hfb-below-header-display":"","ast-hfb-mobile-header-display":"","site-post-title":"","ast-breadcrumbs-content":"","ast-featured-img":"","footer-sml-layout":"","ast-disable-related-posts":"","theme-transparent-header-meta":"default","adv-header-id-meta":"","stick-header-meta":"","header-above-stick-meta":"","header-main-stick-meta":"","header-below-stick-meta":"","astra-migrate-meta-layouts":"set","ast-page-background-enabled":"default","ast-page-background-meta":{"desktop":{"background-color":"var(--ast-global-color-5)","background-image":"","background-repeat":"repeat","background-position":"center center","background-size":"auto","background-attachment":"scroll","background-type":"","background-media":"","overlay-type":"","overlay-color":"","overlay-opacity":"","overlay-gradient":""},"tablet":{"background-color":"","background-image":"","background-repeat":"repeat","background-position":"center center","background-size":"auto","background-attachment":"scroll","background-type":"","background-media":"","overlay-type":"","overlay-color":"","overlay-opacity":"","overlay-gradient":""},"mobile":{"background-color":"","background-image":"","background-repeat":"repeat","background-position":"center center","background-size":"auto","background-attachment":"scroll","background-type":"","background-media":"","overlay-type":"","overlay-color":"","overlay-opacity":"","overlay-gradient":""}},"ast-content-background-meta":{"desktop":{"background-color":"var(--ast-global-color-4)","background-image":"","background-repeat":"repeat","background-position":"center center","background-size":"auto","background-attachment":"scroll","background-type":"","background-media":"","overlay-type":"","overlay-color":"","overlay-opacity":"","overlay-gradient":""},"tablet":{"background-color":"var(--ast-global-color-4)","background-image":"","background-repeat":"repeat","background-position":"center center","background-size":"auto","background-attachment":"scroll","background-type":"","background-media":"","overlay-type":"","overlay-color":"","overlay-opacity":"","overlay-gradient":""},"mobile":{"background-color":"var(--ast-global-color-4)","background-image":"","background-repeat":"repeat","background-position":"center center","background-size":"auto","background-attachment":"scroll","background-type":"","background-media":"","overlay-type":"","overlay-color":"","overlay-opacity":"","overlay-gradient":""}}},"product_brand":[19],"product_cat":[20],"product_tag":[21],"class_list":{"0":"post-118","1":"product","2":"type-product","3":"status-publish","4":"has-post-thumbnail","6":"product_brand-by-zrampieu","7":"product_cat-broderie","8":"product_tag-dzcx-002","9":"desktop-align-left","10":"tablet-align-left","11":"mobile-align-left","13":"first","14":"instock","15":"taxable","16":"shipping-taxable","17":"purchasable","18":"product-type-simple"},"yoast_head":"<!-- This site is optimized with the Yoast SEO plugin v27.5 - https:\/\/yoast.com\/product\/yoast-seo-wordpress\/ -->\n<title>Kit de broderie de femmes aux cheveux afro - By zrampieu<\/title>\n<meta name=\"description\" content=\"Joli kit de broderie aux motifs afro, facile \u00e0 r\u00e9aliser. Pour les d\u00e9butants et celles et ceux qui souhaitent reprendre la broderie.\" \/>\n<meta name=\"robots\" content=\"index, follow, max-snippet:-1, max-image-preview:large, max-video-preview:-1\" \/>\n<link rel=\"canonical\" href=\"https:\/\/byzrampieu.com\/index.php\/produit\/kit-de-broderie-femme-aux-cheveux-afro\/\" \/>\n<meta property=\"og:locale\" content=\"fr_FR\" \/>\n<meta property=\"og:type\" content=\"article\" \/>\n<meta property=\"og:title\" content=\"Kit de broderie de femmes aux cheveux afro - By zrampieu\" \/>\n<meta property=\"og:description\" content=\"Joli kit de broderie aux motifs afro, facile \u00e0 r\u00e9aliser. Pour les d\u00e9butants et celles et ceux qui souhaitent reprendre la broderie.\" \/>\n<meta property=\"og:url\" content=\"https:\/\/byzrampieu.com\/index.php\/produit\/kit-de-broderie-femme-aux-cheveux-afro\/\" \/>\n<meta property=\"og:site_name\" content=\"By zrampieu\" \/>\n<meta property=\"article:modified_time\" content=\"2026-05-04T10:27:17+00:00\" \/>\n<meta property=\"og:image\" content=\"https:\/\/byzrampieu.com\/wp-content\/uploads\/2026\/03\/kit-broderie-afro-scaled.webp\" \/>\n\t<meta property=\"og:image:width\" content=\"1920\" \/>\n\t<meta property=\"og:image:height\" content=\"2560\" \/>\n\t<meta property=\"og:image:type\" content=\"image\/webp\" \/>\n<meta name=\"twitter:card\" content=\"summary_large_image\" \/>\n<meta name=\"twitter:label1\" content=\"Dur\u00e9e de lecture estim\u00e9e\" \/>\n\t<meta name=\"twitter:data1\" content=\"1 minute\" \/>\n<script type=\"application\/ld+json\" class=\"yoast-schema-graph\">{\"@context\":\"https:\\\/\\\/schema.org\",\"@graph\":[{\"@type\":\"WebPage\",\"@id\":\"https:\\\/\\\/byzrampieu.com\\\/index.php\\\/produit\\\/kit-de-broderie-femme-aux-cheveux-afro\\\/\",\"url\":\"https:\\\/\\\/byzrampieu.com\\\/index.php\\\/produit\\\/kit-de-broderie-femme-aux-cheveux-afro\\\/\",\"name\":\"Kit de broderie de femmes aux cheveux afro - By zrampieu\",\"isPartOf\":{\"@id\":\"https:\\\/\\\/byzrampieu.com\\\/#website\"},\"primaryImageOfPage\":{\"@id\":\"https:\\\/\\\/byzrampieu.com\\\/index.php\\\/produit\\\/kit-de-broderie-femme-aux-cheveux-afro\\\/#primaryimage\"},\"image\":{\"@id\":\"https:\\\/\\\/byzrampieu.com\\\/index.php\\\/produit\\\/kit-de-broderie-femme-aux-cheveux-afro\\\/#primaryimage\"},\"thumbnailUrl\":\"https:\\\/\\\/byzrampieu.com\\\/wp-content\\\/uploads\\\/2026\\\/03\\\/kit-broderie-afro-scaled.webp\",\"datePublished\":\"2026-03-20T15:06:26+00:00\",\"dateModified\":\"2026-05-04T10:27:17+00:00\",\"description\":\"Joli kit de broderie aux motifs afro, facile \u00e0 r\u00e9aliser. Pour les d\u00e9butants et celles et ceux qui souhaitent reprendre la broderie.\",\"breadcrumb\":{\"@id\":\"https:\\\/\\\/byzrampieu.com\\\/index.php\\\/produit\\\/kit-de-broderie-femme-aux-cheveux-afro\\\/#breadcrumb\"},\"inLanguage\":\"fr-FR\",\"potentialAction\":[{\"@type\":\"ReadAction\",\"target\":[\"https:\\\/\\\/byzrampieu.com\\\/index.php\\\/produit\\\/kit-de-broderie-femme-aux-cheveux-afro\\\/\"]}]},{\"@type\":\"ImageObject\",\"inLanguage\":\"fr-FR\",\"@id\":\"https:\\\/\\\/byzrampieu.com\\\/index.php\\\/produit\\\/kit-de-broderie-femme-aux-cheveux-afro\\\/#primaryimage\",\"url\":\"https:\\\/\\\/byzrampieu.com\\\/wp-content\\\/uploads\\\/2026\\\/03\\\/kit-broderie-afro-scaled.webp\",\"contentUrl\":\"https:\\\/\\\/byzrampieu.com\\\/wp-content\\\/uploads\\\/2026\\\/03\\\/kit-broderie-afro-scaled.webp\",\"width\":1920,\"height\":2560},{\"@type\":\"BreadcrumbList\",\"@id\":\"https:\\\/\\\/byzrampieu.com\\\/index.php\\\/produit\\\/kit-de-broderie-femme-aux-cheveux-afro\\\/#breadcrumb\",\"itemListElement\":[{\"@type\":\"ListItem\",\"position\":1,\"name\":\"Accueil\",\"item\":\"https:\\\/\\\/byzrampieu.com\\\/\"},{\"@type\":\"ListItem\",\"position\":2,\"name\":\"Boutique\",\"item\":\"https:\\\/\\\/byzrampieu.com\\\/index.php\\\/boutique\\\/\"},{\"@type\":\"ListItem\",\"position\":3,\"name\":\"Kit de broderie de femmes aux cheveux afro\"}]},{\"@type\":\"WebSite\",\"@id\":\"https:\\\/\\\/byzrampieu.com\\\/#website\",\"url\":\"https:\\\/\\\/byzrampieu.com\\\/\",\"name\":\"By zrampieu\",\"description\":\"\",\"publisher\":{\"@id\":\"https:\\\/\\\/byzrampieu.com\\\/#organization\"},\"potentialAction\":[{\"@type\":\"SearchAction\",\"target\":{\"@type\":\"EntryPoint\",\"urlTemplate\":\"https:\\\/\\\/byzrampieu.com\\\/?s={search_term_string}\"},\"query-input\":{\"@type\":\"PropertyValueSpecification\",\"valueRequired\":true,\"valueName\":\"search_term_string\"}}],\"inLanguage\":\"fr-FR\"},{\"@type\":\"Organization\",\"@id\":\"https:\\\/\\\/byzrampieu.com\\\/#organization\",\"name\":\"By zrampieu\",\"url\":\"https:\\\/\\\/byzrampieu.com\\\/\",\"logo\":{\"@type\":\"ImageObject\",\"inLanguage\":\"fr-FR\",\"@id\":\"https:\\\/\\\/byzrampieu.com\\\/#\\\/schema\\\/logo\\\/image\\\/\",\"url\":\"https:\\\/\\\/byzrampieu.com\\\/wp-content\\\/uploads\\\/2026\\\/03\\\/cropped-logo-by-zrampieu.webp\",\"contentUrl\":\"https:\\\/\\\/byzrampieu.com\\\/wp-content\\\/uploads\\\/2026\\\/03\\\/cropped-logo-by-zrampieu.webp\",\"width\":500,\"height\":167,\"caption\":\"By zrampieu\"},\"image\":{\"@id\":\"https:\\\/\\\/byzrampieu.com\\\/#\\\/schema\\\/logo\\\/image\\\/\"}}]}<\/script>\n<!-- \/ Yoast SEO plugin. -->","yoast_head_json":{"title":"Kit de broderie de femmes aux cheveux afro - By zrampieu","description":"Joli kit de broderie aux motifs afro, facile \u00e0 r\u00e9aliser. Pour les d\u00e9butants et celles et ceux qui souhaitent reprendre la broderie.","robots":{"index":"index","follow":"follow","max-snippet":"max-snippet:-1","max-image-preview":"max-image-preview:large","max-video-preview":"max-video-preview:-1"},"canonical":"https:\/\/byzrampieu.com\/index.php\/produit\/kit-de-broderie-femme-aux-cheveux-afro\/","og_locale":"fr_FR","og_type":"article","og_title":"Kit de broderie de femmes aux cheveux afro - By zrampieu","og_description":"Joli kit de broderie aux motifs afro, facile \u00e0 r\u00e9aliser. Pour les d\u00e9butants et celles et ceux qui souhaitent reprendre la broderie.","og_url":"https:\/\/byzrampieu.com\/index.php\/produit\/kit-de-broderie-femme-aux-cheveux-afro\/","og_site_name":"By zrampieu","article_modified_time":"2026-05-04T10:27:17+00:00","og_image":[{"width":1920,"height":2560,"url":"https:\/\/byzrampieu.com\/wp-content\/uploads\/2026\/03\/kit-broderie-afro-scaled.webp","type":"image\/webp"}],"twitter_card":"summary_large_image","twitter_misc":{"Dur\u00e9e de lecture estim\u00e9e":"1 minute"},"schema":{"@context":"https:\/\/schema.org","@graph":[{"@type":"WebPage","@id":"https:\/\/byzrampieu.com\/index.php\/produit\/kit-de-broderie-femme-aux-cheveux-afro\/","url":"https:\/\/byzrampieu.com\/index.php\/produit\/kit-de-broderie-femme-aux-cheveux-afro\/","name":"Kit de broderie de femmes aux cheveux afro - By zrampieu","isPartOf":{"@id":"https:\/\/byzrampieu.com\/#website"},"primaryImageOfPage":{"@id":"https:\/\/byzrampieu.com\/index.php\/produit\/kit-de-broderie-femme-aux-cheveux-afro\/#primaryimage"},"image":{"@id":"https:\/\/byzrampieu.com\/index.php\/produit\/kit-de-broderie-femme-aux-cheveux-afro\/#primaryimage"},"thumbnailUrl":"https:\/\/byzrampieu.com\/wp-content\/uploads\/2026\/03\/kit-broderie-afro-scaled.webp","datePublished":"2026-03-20T15:06:26+00:00","dateModified":"2026-05-04T10:27:17+00:00","description":"Joli kit de broderie aux motifs afro, facile \u00e0 r\u00e9aliser. Pour les d\u00e9butants et celles et ceux qui souhaitent reprendre la broderie.","breadcrumb":{"@id":"https:\/\/byzrampieu.com\/index.php\/produit\/kit-de-broderie-femme-aux-cheveux-afro\/#breadcrumb"},"inLanguage":"fr-FR","potentialAction":[{"@type":"ReadAction","target":["https:\/\/byzrampieu.com\/index.php\/produit\/kit-de-broderie-femme-aux-cheveux-afro\/"]}]},{"@type":"ImageObject","inLanguage":"fr-FR","@id":"https:\/\/byzrampieu.com\/index.php\/produit\/kit-de-broderie-femme-aux-cheveux-afro\/#primaryimage","url":"https:\/\/byzrampieu.com\/wp-content\/uploads\/2026\/03\/kit-broderie-afro-scaled.webp","contentUrl":"https:\/\/byzrampieu.com\/wp-content\/uploads\/2026\/03\/kit-broderie-afro-scaled.webp","width":1920,"height":2560},{"@type":"BreadcrumbList","@id":"https:\/\/byzrampieu.com\/index.php\/produit\/kit-de-broderie-femme-aux-cheveux-afro\/#breadcrumb","itemListElement":[{"@type":"ListItem","position":1,"name":"Accueil","item":"https:\/\/byzrampieu.com\/"},{"@type":"ListItem","position":2,"name":"Boutique","item":"https:\/\/byzrampieu.com\/index.php\/boutique\/"},{"@type":"ListItem","position":3,"name":"Kit de broderie de femmes aux cheveux afro"}]},{"@type":"WebSite","@id":"https:\/\/byzrampieu.com\/#website","url":"https:\/\/byzrampieu.com\/","name":"By zrampieu","description":"","publisher":{"@id":"https:\/\/byzrampieu.com\/#organization"},"potentialAction":[{"@type":"SearchAction","target":{"@type":"EntryPoint","urlTemplate":"https:\/\/byzrampieu.com\/?s={search_term_string}"},"query-input":{"@type":"PropertyValueSpecification","valueRequired":true,"valueName":"search_term_string"}}],"inLanguage":"fr-FR"},{"@type":"Organization","@id":"https:\/\/byzrampieu.com\/#organization","name":"By zrampieu","url":"https:\/\/byzrampieu.com\/","logo":{"@type":"ImageObject","inLanguage":"fr-FR","@id":"https:\/\/byzrampieu.com\/#\/schema\/logo\/image\/","url":"https:\/\/byzrampieu.com\/wp-content\/uploads\/2026\/03\/cropped-logo-by-zrampieu.webp","contentUrl":"https:\/\/byzrampieu.com\/wp-content\/uploads\/2026\/03\/cropped-logo-by-zrampieu.webp","width":500,"height":167,"caption":"By zrampieu"},"image":{"@id":"https:\/\/byzrampieu.com\/#\/schema\/logo\/image\/"}}]}},"_links":{"self":[{"href":"https:\/\/byzrampieu.com\/index.php\/wp-json\/wp\/v2\/product\/118","targetHints":{"allow":["GET"]}}],"collection":[{"href":"https:\/\/byzrampieu.com\/index.php\/wp-json\/wp\/v2\/product"}],"about":[{"href":"https:\/\/byzrampieu.com\/index.php\/wp-json\/wp\/v2\/types\/product"}],"replies":[{"embeddable":true,"href":"https:\/\/byzrampieu.com\/index.php\/wp-json\/wp\/v2\/comments?post=118"}],"wp:featuredmedia":[{"embeddable":true,"href":"https:\/\/byzrampieu.com\/index.php\/wp-json\/wp\/v2\/media\/128"}],"wp:attachment":[{"href":"https:\/\/byzrampieu.com\/index.php\/wp-json\/wp\/v2\/media?parent=118"}],"wp:term":[{"taxonomy":"product_brand","embeddable":true,"href":"https:\/\/byzrampieu.com\/index.php\/wp-json\/wp\/v2\/product_brand?post=118"},{"taxonomy":"product_cat","embeddable":true,"href":"https:\/\/byzrampieu.com\/index.php\/wp-json\/wp\/v2\/product_cat?post=118"},{"taxonomy":"product_tag","embeddable":true,"href":"https:\/\/byzrampieu.com\/index.php\/wp-json\/wp\/v2\/product_tag?post=118"}],"curies":[{"name":"wp","href":"https:\/\/api.w.org\/{rel}","templated":true}]}}